{"id":1336,"date":"2024-06-05T15:21:44","date_gmt":"2024-06-05T13:21:44","guid":{"rendered":"https:\/\/labiblechantee.com\/?page_id=1336"},"modified":"2024-06-06T19:41:59","modified_gmt":"2024-06-06T17:41:59","slug":"cart","status":"publish","type":"page","link":"https:\/\/labiblechantee.com\/?page_id=1336","title":{"rendered":"Panier"},"content":{"rendered":"<div id=\"wpeasycart_cart_holder\" style=\"position:relative; width:100%; min-height:350px;\" data-cart-page=\"1\" data-success-code=\"\" data-error-code=\"\" data-language=\"NONE\" data-nonce=\"80ebcfd606\"><style>\n\t@keyframes rotation{\n\t\t0% { transform:rotate(0deg); }\n\t\t100%{ transform:rotate(359deg); }\n\t}\n\t<\/style>\n\t<div style='font-family: \"HelveticaNeue\", \"HelveticaNeue-Light\", \"Helvetica Neue Light\", helvetica, arial, sans-serif; font-size: 14px; text-align: center; -webkit-box-sizing: border-box; -moz-box-sizing: border-box; -ms-box-sizing: border-box; box-sizing: border-box; width: 350px; top: 50%; left: 50%; position: absolute; margin-left: -165px; margin-top: -80px; cursor: pointer; text-align: center;'>\n\t\t<div>\n\t\t\t<div style=\"height: 30px; width: 30px; display: inline-block; box-sizing: content-box; opacity: 1; filter: alpha(opacity=100); -webkit-animation: rotation .7s infinite linear; -moz-animation: rotation .7s infinite linear; -o-animation: rotation .7s infinite linear; animation: rotation .7s infinite linear; border-left: 8px solid rgba(0, 0, 0, .2); border-right: 8px solid rgba(0, 0, 0, .2); border-bottom: 8px solid rgba(0, 0, 0, .2); border-top: 8px solid #fff; border-radius: 100%;\"><\/div>\n\t\t<\/div>\n\t<\/div><\/div>\n","protected":false},"excerpt":{"rendered":"","protected":false},"author":1,"featured_media":0,"parent":0,"menu_order":0,"comment_status":"closed","ping_status":"closed","template":"","meta":{"footnotes":""},"class_list":["post-1336","page","type-page","status-publish","hentry"],"yoast_head":"<!-- This site is optimized with the Yoast SEO plugin v27.0 - https:\/\/yoast.com\/product\/yoast-seo-wordpress\/ -->\n<title>Panier - La Bible Chant\u00e9e<\/title>\n<meta name=\"robots\" content=\"index, follow, max-snippet:-1, max-image-preview:large, max-video-preview:-1\" \/>\n<link rel=\"canonical\" href=\"https:\/\/labiblechantee.com\/?page_id=1336\" \/>\n<meta property=\"og:locale\" content=\"fr_FR\" \/>\n<meta property=\"og:type\" content=\"article\" \/>\n<meta property=\"og:title\" content=\"Panier - La Bible Chant\u00e9e\" \/>\n<meta property=\"og:url\" content=\"https:\/\/labiblechantee.com\/?page_id=1336\" \/>\n<meta property=\"og:site_name\" content=\"La Bible Chant\u00e9e\" \/>\n<meta property=\"article:modified_time\" content=\"2024-06-06T17:41:59+00:00\" \/>\n<meta name=\"twitter:card\" content=\"summary_large_image\" \/>\n<meta name=\"twitter:label1\" content=\"Dur\u00e9e de lecture estim\u00e9e\" \/>\n\t<meta name=\"twitter:data1\" content=\"1 minute\" \/>\n<script type=\"application\/ld+json\" class=\"yoast-schema-graph\">{\"@context\":\"https:\/\/schema.org\",\"@graph\":[{\"@type\":\"WebPage\",\"@id\":\"https:\/\/labiblechantee.com\/?page_id=1336\",\"url\":\"https:\/\/labiblechantee.com\/?page_id=1336\",\"name\":\"Panier - La Bible Chant\u00e9e\",\"isPartOf\":{\"@id\":\"https:\/\/labiblechantee.com\/#website\"},\"datePublished\":\"2024-06-05T13:21:44+00:00\",\"dateModified\":\"2024-06-06T17:41:59+00:00\",\"breadcrumb\":{\"@id\":\"https:\/\/labiblechantee.com\/?page_id=1336#breadcrumb\"},\"inLanguage\":\"fr-FR\",\"potentialAction\":[{\"@type\":\"ReadAction\",\"target\":[\"https:\/\/labiblechantee.com\/?page_id=1336\"]}]},{\"@type\":\"BreadcrumbList\",\"@id\":\"https:\/\/labiblechantee.com\/?page_id=1336#breadcrumb\",\"itemListElement\":[{\"@type\":\"ListItem\",\"position\":1,\"name\":\"Accueil\",\"item\":\"https:\/\/labiblechantee.com\/\"},{\"@type\":\"ListItem\",\"position\":2,\"name\":\"Panier\"}]},{\"@type\":\"WebSite\",\"@id\":\"https:\/\/labiblechantee.com\/#website\",\"url\":\"https:\/\/labiblechantee.com\/\",\"name\":\"La Bible Chant\u00e9e\",\"description\":\"Chantons la Parole\",\"publisher\":{\"@id\":\"https:\/\/labiblechantee.com\/#organization\"},\"potentialAction\":[{\"@type\":\"SearchAction\",\"target\":{\"@type\":\"EntryPoint\",\"urlTemplate\":\"https:\/\/labiblechantee.com\/?s={search_term_string}\"},\"query-input\":{\"@type\":\"PropertyValueSpecification\",\"valueRequired\":true,\"valueName\":\"search_term_string\"}}],\"inLanguage\":\"fr-FR\"},{\"@type\":\"Organization\",\"@id\":\"https:\/\/labiblechantee.com\/#organization\",\"name\":\"La Bible Chant\u00e9e\",\"url\":\"https:\/\/labiblechantee.com\/\",\"logo\":{\"@type\":\"ImageObject\",\"inLanguage\":\"fr-FR\",\"@id\":\"https:\/\/labiblechantee.com\/#\/schema\/logo\/image\/\",\"url\":\"https:\/\/labiblechantee.com\/wp-content\/uploads\/2022\/09\/filigrane-CLP.jpg\",\"contentUrl\":\"https:\/\/labiblechantee.com\/wp-content\/uploads\/2022\/09\/filigrane-CLP.jpg\",\"width\":150,\"height\":150,\"caption\":\"La Bible Chant\u00e9e\"},\"image\":{\"@id\":\"https:\/\/labiblechantee.com\/#\/schema\/logo\/image\/\"}}]}<\/script>\n<!-- \/ Yoast SEO plugin. -->","yoast_head_json":{"title":"Panier - La Bible Chant\u00e9e","robots":{"index":"index","follow":"follow","max-snippet":"max-snippet:-1","max-image-preview":"max-image-preview:large","max-video-preview":"max-video-preview:-1"},"canonical":"https:\/\/labiblechantee.com\/?page_id=1336","og_locale":"fr_FR","og_type":"article","og_title":"Panier - La Bible Chant\u00e9e","og_url":"https:\/\/labiblechantee.com\/?page_id=1336","og_site_name":"La Bible Chant\u00e9e","article_modified_time":"2024-06-06T17:41:59+00:00","twitter_card":"summary_large_image","twitter_misc":{"Dur\u00e9e de lecture estim\u00e9e":"1 minute"},"schema":{"@context":"https:\/\/schema.org","@graph":[{"@type":"WebPage","@id":"https:\/\/labiblechantee.com\/?page_id=1336","url":"https:\/\/labiblechantee.com\/?page_id=1336","name":"Panier - La Bible Chant\u00e9e","isPartOf":{"@id":"https:\/\/labiblechantee.com\/#website"},"datePublished":"2024-06-05T13:21:44+00:00","dateModified":"2024-06-06T17:41:59+00:00","breadcrumb":{"@id":"https:\/\/labiblechantee.com\/?page_id=1336#breadcrumb"},"inLanguage":"fr-FR","potentialAction":[{"@type":"ReadAction","target":["https:\/\/labiblechantee.com\/?page_id=1336"]}]},{"@type":"BreadcrumbList","@id":"https:\/\/labiblechantee.com\/?page_id=1336#breadcrumb","itemListElement":[{"@type":"ListItem","position":1,"name":"Accueil","item":"https:\/\/labiblechantee.com\/"},{"@type":"ListItem","position":2,"name":"Panier"}]},{"@type":"WebSite","@id":"https:\/\/labiblechantee.com\/#website","url":"https:\/\/labiblechantee.com\/","name":"La Bible Chant\u00e9e","description":"Chantons la Parole","publisher":{"@id":"https:\/\/labiblechantee.com\/#organization"},"potentialAction":[{"@type":"SearchAction","target":{"@type":"EntryPoint","urlTemplate":"https:\/\/labiblechantee.com\/?s={search_term_string}"},"query-input":{"@type":"PropertyValueSpecification","valueRequired":true,"valueName":"search_term_string"}}],"inLanguage":"fr-FR"},{"@type":"Organization","@id":"https:\/\/labiblechantee.com\/#organization","name":"La Bible Chant\u00e9e","url":"https:\/\/labiblechantee.com\/","logo":{"@type":"ImageObject","inLanguage":"fr-FR","@id":"https:\/\/labiblechantee.com\/#\/schema\/logo\/image\/","url":"https:\/\/labiblechantee.com\/wp-content\/uploads\/2022\/09\/filigrane-CLP.jpg","contentUrl":"https:\/\/labiblechantee.com\/wp-content\/uploads\/2022\/09\/filigrane-CLP.jpg","width":150,"height":150,"caption":"La Bible Chant\u00e9e"},"image":{"@id":"https:\/\/labiblechantee.com\/#\/schema\/logo\/image\/"}}]}},"_links":{"self":[{"href":"https:\/\/labiblechantee.com\/index.php?rest_route=\/wp\/v2\/pages\/1336","targetHints":{"allow":["GET"]}}],"collection":[{"href":"https:\/\/labiblechantee.com\/index.php?rest_route=\/wp\/v2\/pages"}],"about":[{"href":"https:\/\/labiblechantee.com\/index.php?rest_route=\/wp\/v2\/types\/page"}],"author":[{"embeddable":true,"href":"https:\/\/labiblechantee.com\/index.php?rest_route=\/wp\/v2\/users\/1"}],"replies":[{"embeddable":true,"href":"https:\/\/labiblechantee.com\/index.php?rest_route=%2Fwp%2Fv2%2Fcomments&post=1336"}],"version-history":[{"count":1,"href":"https:\/\/labiblechantee.com\/index.php?rest_route=\/wp\/v2\/pages\/1336\/revisions"}],"predecessor-version":[{"id":1366,"href":"https:\/\/labiblechantee.com\/index.php?rest_route=\/wp\/v2\/pages\/1336\/revisions\/1366"}],"wp:attachment":[{"href":"https:\/\/labiblechantee.com\/index.php?rest_route=%2Fwp%2Fv2%2Fmedia&parent=1336"}],"curies":[{"name":"wp","href":"https:\/\/api.w.org\/{rel}","templated":true}]}}